{"id":25,"date":"2016-03-19T10:40:37","date_gmt":"2016-03-19T10:40:37","guid":{"rendered":"https:\/\/armla.am\/en\/?page_id=25"},"modified":"2016-07-06T14:02:47","modified_gmt":"2016-07-06T14:02:47","slug":"donors","status":"publish","type":"page","link":"https:\/\/armla.am\/en\/cooperation\/donors","title":{"rendered":"Donors"},"content":{"rendered":"<p><b>Delegation of the European Union to Armenia<\/b><\/p>\n<p>21 Frik Street, Yerevan 0002, Armenia<\/p>\n<p>Phone:\u00a0+ 374 (10) 54 64 94<\/p>\n<p>E-mail: \u00a0<a href=\"mailto:Delegation-Armenia@eeas.europa.eu\">Delegation-Armenia@eeas.europa.eu<\/a><\/p>\n<p>URL:\u00a0\u00a0<a href=\"https:\/\/eeas.europa.eu\/delegations\/armenia\/index_en.htm\">https:\/\/eeas.europa.eu\/delegations\/armenia\/index_en.htm<\/a><\/p>\n<p>&nbsp;<\/p>\n<p><b>OSCE Office in Yerevan<\/b><\/p>\n<p>64\/1 Sundukyan Street,\u00a00012 Yerevan,\u00a0Armenia,<\/p>\n<p>Phone:\u00a0+37410 229610<\/p>\n<p>E-mail: \u00a0\u00a0<a href=\"mailto:yerevan-am@osce.org\">yerevan-am@osce.org<br \/>\n<\/a><\/p>\n<p>URL:\u00a0<a href=\"https:\/\/www.eurasia.org\">https:\/\/www.eurasia.org<\/a><\/p>\n<p>&nbsp;<\/p>\n<p>&nbsp;<\/p>\n<p><strong>Embassy of the Federal Republic of Germany in Armenia<\/strong><\/p>\n<p>29, Charents Street,0025, Yerevan, Republic of Armenia<\/p>\n<p>Tel: (+374 10) 523279, (+374 10) 524581<\/p>\n<p>Tel (Consular Section): (+374 10) 586591<\/p>\n<p>Fax: (+374 10) 524781<\/p>\n<p>E-mail:\u00a0<span id=\"cloak18039\"><a href=\"mailto:info@eriw.diplo.de\">info@eriw.diplo.de<\/a><\/span>, <span id=\"cloak77573\"><a href=\"mailto:info@eriw.auswaertiges-amt.de\">info@eriw.auswaertiges-amt.de<\/a><\/span><\/p>\n<p>URL: <a href=\"https:\/\/www.eriwan.diplo.de\/\" target=\"_blank\" rel=\"nofollow\">www.eriwan.diplo.de<\/a><\/p>\n<p>&nbsp;<\/p>\n<p>&nbsp;<\/p>\n<p><strong>Embassy of the Czech Republic<\/strong><\/p>\n<p>48\/1 Nalbandyan street, 0010 Yerevan, Republic of Armenia<\/p>\n<p>Phone: +374\/10-519373<\/p>\n<p>Fax: +374\/10-589371<\/p>\n<p>E-mail: <a href=\"mailto:yerevan@embassy.mzv.cz\">yerevan@embassy.mzv.cz<\/a><\/p>\n<p>Web: <a href=\"https:\/\/www.mzv.cz\/yerevan\/cz\/index.html\">www.mzv.cz\/yerevan<\/a><\/p>\n<p>&nbsp;<\/p>\n<p><b>Embassy of the United States of America<\/b><\/p>\n<p>1 American Avenue Yerevan 0082, Republic of Armenia, 0082<\/p>\n<p>Telephone: (+37410) 464-700,<\/p>\n<p>Fax:(+37410) 464-742<\/p>\n<p>URL:\u00a0 <a href=\"https:\/\/armenian.armenia.usembassy.gov\/\">https:\/\/armenian.armenia.usembassy.gov\/<\/a><\/p>\n<p>&nbsp;<\/p>\n<p><b>Embassy of the Kingdom of the Netherlands in Tbilisi Georgia<\/b><\/p>\n<p><i>Pixelcenter, 34, Ilia Chavchavadze Avenue,0179 Tbilisi<\/i><\/p>\n<p>Phone:\u00a0+995 32 2276200<\/p>\n<p>E-mail: <a href=\"mailto:tbi@minbuza.nl\">tbi@minbuza.nl<\/a><\/p>\n<p>URL:\u00a0<a href=\"https:\/\/georgia.nlembassy.org\/\">https:\/\/georgia.nlembassy.org\/<\/a><\/p>\n<p>&nbsp;<\/p>\n<p>&nbsp;<\/p>\n<p><b>UNDP<\/b><\/p>\n<p>Petros Adamyan Street, 14<\/p>\n<p>Yerevan 0010, Armenia<\/p>\n<p>Phone: +374 60 530000<\/p>\n<p>Fax: +374 10 543811<\/p>\n<p>E-mail:\u00a0<a href=\"mailto:registry.am@undp.org\">registry.am@undp.org<\/a><\/p>\n<p>URL:\u00a0<a href=\"https:\/\/www.undp.am\/\">www.undp.am<\/a><\/p>\n<p>&nbsp;<\/p>\n<p><strong>\u00a0<\/strong><\/p>\n<p>&nbsp;<\/p>\n<p><b>The UNHCR Representative in Armenia<\/b><\/p>\n<p>14 Petros Adamyan Street, 0010 Yerevan, Armenia,<\/p>\n<p>Phone: +37410 545935<\/p>\n<p>E-mail: \u00a0<a href=\"mailto:grigorya@unhcr.org\">grigorya@unhcr.org<br \/>\n<\/a><\/p>\n<p>URL:\u00a0<a href=\"https:\/\/www.unhcr.org\">https:\/\/www.unhcr.org<\/a><\/p>\n<p>&nbsp;<\/p>\n<p><b>USAID<\/b><\/p>\n<p>1 American Avenue,\u00a0Yerevan,\u00a0Armenia,\u00a0Postal Code &#8211; M 0082<\/p>\n<p>Phone (37410) 46 47 00,\u00a0Fax (37410) 46 47 28,<\/p>\n<p>E-mail:\u00a0<a href=\"mailto:kdow@usaid.gov\">kdow@usaid.gov<\/a><\/p>\n<p>URL:\u00a0<a href=\"https:\/\/armenia.usaid.gov\">https:\/\/armenia.usaid.gov<\/a><\/p>\n<p>&nbsp;<\/p>\n<p>&nbsp;<\/p>\n<p><b>ICCO Interchurch Organization for development Cooperation<\/b><\/p>\n<p>Joseph Haydnlaan 2a, 3533 AE Utrecht, Netherlands,<\/p>\n<p>Post address P.O. Box 8190, 3503 RD Utrecht, Netherlands<\/p>\n<p>Phone:\u00a0692 78 11<\/p>\n<p>E-mail:\u00a0\u00a0<a href=\"mailto:info@icco.nl\">info@icco.nl<br \/>\n<\/a><\/p>\n<p>URL:\u00a0<a href=\"https:\/\/www.icco.nl\/\">https:\/\/www.icco.nl<\/a><\/p>\n<p>&nbsp;<\/p>\n<p><b>&#8220;Cordiad&#8221; Organization, Kingdom of the Netherlands<\/b><\/p>\n<p>Lutherse Burgwal 10 2512 CB Den Haag, The Netherlands<\/p>\n<p>Phone:\u00a0070-3136300<\/p>\n<p>E-mail: <span style=\"text-decoration: underline\">info@cordaid.nl<\/span><\/p>\n<p>URL:\u00a0<a href=\"https:\/\/www.cordaid.nl\/\">https:\/\/www.cordaid.nl<\/a><\/p>\n<p>&nbsp;<\/p>\n<p><b>Department for International Development (DFID) UK<br \/>\n<\/b><\/p>\n<p>22 Whitehall, London, \u00a0SW1E 5HE<\/p>\n<p>Phone:\u00a00845 300 4100, +44 (0) 1355 84 3132<\/p>\n<p>E-mail: <a href=\"mailto:enquiry@dfid.gov.uk\">enquiry@dfid.gov.uk<br \/>\n<\/a><\/p>\n<p>URL:\u00a0<a href=\"https:\/\/www.dfid.gov.uk\/\">https:\/\/www.dfid.gov.uk<\/a><\/p>\n<p>&nbsp;<\/p>\n<p><strong>Oxfam Novib<\/strong><\/p>\n<p>Mauritskade 9, P. O. Box 30919, 2500 GX \u00a0Den Haag,<\/p>\n<p>T: 070 342 16 21,\u00a0+31 70 3421777<\/p>\n<p>URL:\u00a0<a href=\"https:\/\/www.oxfamnovib.nl\/\">https:\/\/www.oxfamnovib.nl<\/a><\/p>\n<p>&nbsp;<\/p>\n<p>&nbsp;<\/p>\n<p><b>Casals &amp; Associates, Inc.International Trade and Development<br \/>\n<\/b><\/p>\n<p>3190 Fairview Park Drive Suite 900 Falls Church, VA 22042 United States<\/p>\n<p>Phone:\u00a0571-722-0210<\/p>\n<p>E-mail:\u00a0<a href=\"mailto:info@casals.com\">info@casals.com<\/a><\/p>\n<p>URL:<b>\u00a0<\/b><a href=\"https:\/\/www.casals.com\/\">https:\/\/www.casals.com<\/a><\/p>\n<p><strong>\u00a0<\/strong><\/p>\n<p><b>ABA\/CEELI<\/b><\/p>\n<p><b>\u00a0<\/b>N 15 Ilia Chavchavadze Street, Tbilisi, Georgia.<\/p>\n<p>Phone:. \u00a0995(32) 92-35-78, 92-35-78,92-35-78<\/p>\n<p>Email:\u00a0<a href=\"mailto:aba@abaceeli.ge\">aba@abaceeli.ge<\/a><\/p>\n<p>URL: \u00a0<a href=\"https:\/\/www.abamail.ge\/\">www.abamail.ge<\/a><\/p>\n<p>&nbsp;<\/p>\n<p><b>PricewaterhouseCoopers LLP<br \/>\n<\/b><\/p>\n<p>300 Madison Avenue, New York, New York 10017-6204, United States of America<\/p>\n<p>Phone:\u00a0(646) 471 3000<\/p>\n<p>URL:\u00a0<a href=\"https:\/\/www.pwc.com\/\">https:\/\/www.pwc.com<\/a><\/p>\n<p>&nbsp;<\/p>\n<p><b>Eurasia Foundation<\/b><b><br \/>\n<\/b><\/p>\n<p>Washington D.C. Office, 1-202-234-7370, 1350 Connecticut Avenue,<\/p>\n<p>NW, Suite 1000, Washington, DC 20036<\/p>\n<p>Phone:\u00a0 (202) 234-7370<\/p>\n<p>E-mail:\u00a0 \u00a0<a href=\"mailto:eurasia@eurasia.org\">eurasia@eurasia.org<\/a><\/p>\n<p>URL:\u00a0<a href=\"https:\/\/www.eurasia.org\/\">https:\/\/www.eurasia.org<\/a><\/p>\n<p>&nbsp;<\/p>\n<p><b>German International Cooperation (GIZ)<\/b><\/p>\n<p>4\/1 Baghramyan Avenue, Yerevan 0019,<\/p>\n<p>Phone:\u00a0+374 10 589337<\/p>\n<p>Fax:\u00a0+374 10 589270<\/p>\n<p>E-mail:\u00a0<a href=\"mailto:giz-armenia@giz.de\">giz-armenia@giz.de<\/a><\/p>\n<p>URL:\u00a0<a href=\"https:\/\/www.giz.de\/en\/worldwide\/374.html\" target=\"_blank\">https:\/\/www.giz.de\/en\/worldwide\/374.html<\/a><\/p>\n<p>Friedrich-Ebert-Allee 36 + 40, 53113 Bonn,<\/p>\n<p>Phone: (+49) 6196 79 0,<\/p>\n<p>URL: \u00a0<a href=\"https:\/\/www.gtz.de\/\">https:\/\/www.gtz.de\/<\/a><\/p>\n<p>&nbsp;<\/p>\n<p><b>International Law Students Association<\/b><\/p>\n<p>701 13th Street NW, 6th Floor<\/p>\n<p>Washington, DC 20005 USA<\/p>\n<p>Tel: +1 (202) 729-2470<\/p>\n<p>Fax: +1 (202) 639-9355<\/p>\n<p>E-mail:\u00a0<a href=\"mailto:ilsa@ilsa.org\">ilsa@ilsa.org<br \/>\n<\/a><\/p>\n<p>URL:\u00a0<a href=\"https:\/\/www.ilsa.org\/\">https:\/\/www.ilsa.org<\/a><\/p>\n<p>&nbsp;<\/p>\n<p>&nbsp;<\/p>\n<p>&nbsp;<\/p>\n<p><b>Chemonics International Inc.<br \/>\n<\/b><\/p>\n<p>717 H Street, NW, Washington, D.C. 20006, United States\u00a0,<\/p>\n<p>Phone:\u00a0 202.955.3300<\/p>\n<p>URL:\u00a0<a href=\"https:\/\/www.chemonics.com\/\">https:\/\/www.chemonics.com<\/a><\/p>\n<p>&nbsp;<\/p>\n<p>&nbsp;<\/p>\n<p>&nbsp;<\/p>\n<p><strong>Interna\u00adtional Viseg\u00adrad Fund<\/strong><\/p>\n<p>Kr\u00e1\u013eovsk\u00e9 \u00fadolie 8, 811 02 Bratislava, Slo\u00advak Republic.<\/p>\n<p>Phone: +421 259 203 811, \u2013802<\/p>\n<p>E-mail: viseg\u00adrad\u00adfundvisegradfund.org<\/p>\n<p>URL:\u00a0<a href=\"https:\/\/visegradfund.org\/\">https:\/\/visegradfund.org<\/a><\/p>\n<p>&nbsp;<\/p>\n","protected":false},"excerpt":{"rendered":"<p>Delegation of the European Union to Armenia 21 Frik Street, Yerevan 0002, Armenia Phone:\u00a0+ 374 (10) 54 64 94 E-mail: \u00a0Delegation-Armenia@eeas.europa.eu URL:\u00a0\u00a0https:\/\/eeas.europa.eu\/delegations\/armenia\/index_en.htm &nbsp; OSCE Office in Yerevan 64\/1 Sundukyan Street,\u00a00012 Yerevan,\u00a0Armenia, Phone:\u00a0+37410 229610 E-mail: \u00a0\u00a0yerevan-am@osce.org URL:\u00a0https:\/\/www.eurasia.org &nbsp; &nbsp; Embassy of the Federal Republic of Germany in Armenia 29, Charents Street,0025, Yerevan, Republic of Armenia Tel: &hellip;<\/p>\n","protected":false},"author":1,"featured_media":534,"parent":23,"menu_order":0,"comment_status":"closed","ping_status":"closed","template":"","meta":{"ngg_post_thumbnail":0,"footnotes":""},"class_list":["post-25","page","type-page","status-publish","has-post-thumbnail","hentry"],"_links":{"self":[{"href":"https:\/\/armla.am\/en\/wp-json\/wp\/v2\/pages\/25","targetHints":{"allow":["GET"]}}],"collection":[{"href":"https:\/\/armla.am\/en\/wp-json\/wp\/v2\/pages"}],"about":[{"href":"https:\/\/armla.am\/en\/wp-json\/wp\/v2\/types\/page"}],"author":[{"embeddable":true,"href":"https:\/\/armla.am\/en\/wp-json\/wp\/v2\/users\/1"}],"replies":[{"embeddable":true,"href":"https:\/\/armla.am\/en\/wp-json\/wp\/v2\/comments?post=25"}],"version-history":[{"count":4,"href":"https:\/\/armla.am\/en\/wp-json\/wp\/v2\/pages\/25\/revisions"}],"predecessor-version":[{"id":597,"href":"https:\/\/armla.am\/en\/wp-json\/wp\/v2\/pages\/25\/revisions\/597"}],"up":[{"embeddable":true,"href":"https:\/\/armla.am\/en\/wp-json\/wp\/v2\/pages\/23"}],"wp:featuredmedia":[{"embeddable":true,"href":"https:\/\/armla.am\/en\/wp-json\/wp\/v2\/media\/534"}],"wp:attachment":[{"href":"https:\/\/armla.am\/en\/wp-json\/wp\/v2\/media?parent=25"}],"curies":[{"name":"wp","href":"https:\/\/api.w.org\/{rel}","templated":true}]}}